{"id":7443,"date":"2022-02-18T08:17:45","date_gmt":"2022-02-18T08:17:45","guid":{"rendered":"https:\/\/livingdeluxe.com\/?page_id=7443"},"modified":"2026-02-09T12:17:28","modified_gmt":"2026-02-09T11:17:28","slug":"luxusimmobilie-doebling-kaufen","status":"publish","type":"page","link":"https:\/\/www.livingdeluxe.com\/de\/luxusimmobilie-doebling-kaufen\/","title":{"rendered":"Luxusimmobilie in 1190 D\u00f6bling kaufen"},"content":{"rendered":"","protected":false},"excerpt":{"rendered":"","protected":false},"author":1,"featured_media":0,"parent":0,"menu_order":0,"comment_status":"closed","ping_status":"closed","template":"","meta":{"_acf_changed":false,"footnotes":""},"class_list":["post-7443","page","type-page","status-publish","hentry"],"acf":[],"yoast_head":"<!-- This site is optimized with the Yoast SEO plugin v27.4 - https:\/\/yoast.com\/product\/yoast-seo-wordpress\/ -->\n<title>Luxusimmobilie D\u00f6bling kaufen - LIVING DELUXE<\/title>\n<meta name=\"description\" content=\"D\u00f6bling: Die Oase Wiens - LIVING DELUXE hilft Ihnen dabei eine Luxusimmobilie in D\u00f6bling zu kaufen. Jetzt mehr erfahren!\" \/>\n<meta name=\"robots\" content=\"index, follow, max-snippet:-1, max-image-preview:large, max-video-preview:-1\" \/>\n<link rel=\"canonical\" href=\"https:\/\/livingdeluxe.com\/de\/haus-kaufen-in-kitzbuehel\/\" \/>\n<meta property=\"og:locale\" content=\"de_DE\" \/>\n<meta property=\"og:type\" content=\"article\" \/>\n<meta property=\"og:title\" content=\"Luxusimmobilie D\u00f6bling kaufen - LIVING DELUXE\" \/>\n<meta property=\"og:description\" content=\"D\u00f6bling: Die Oase Wiens - LIVING DELUXE hilft Ihnen dabei eine Luxusimmobilie in D\u00f6bling zu kaufen. Jetzt mehr erfahren!\" \/>\n<meta property=\"og:url\" content=\"https:\/\/livingdeluxe.com\/de\/haus-kaufen-in-kitzbuehel\/\" \/>\n<meta property=\"og:site_name\" content=\"LivingDeluxe\" \/>\n<meta property=\"article:modified_time\" content=\"2026-02-09T11:17:28+00:00\" \/>\n<meta name=\"twitter:card\" content=\"summary_large_image\" \/>\n<script type=\"application\/ld+json\" class=\"yoast-schema-graph\">{\"@context\":\"https:\\\/\\\/schema.org\",\"@graph\":[{\"@type\":\"WebPage\",\"@id\":\"https:\\\/\\\/www.livingdeluxe.com\\\/de\\\/luxusimmobilie-doebling-kaufen\\\/\",\"url\":\"https:\\\/\\\/livingdeluxe.com\\\/de\\\/haus-kaufen-in-kitzbuehel\\\/\",\"name\":\"Luxusimmobilie D\u00f6bling kaufen - LIVING DELUXE\",\"isPartOf\":{\"@id\":\"https:\\\/\\\/www.livingdeluxe.com\\\/de\\\/#website\"},\"datePublished\":\"2022-02-18T08:17:45+00:00\",\"dateModified\":\"2026-02-09T11:17:28+00:00\",\"description\":\"D\u00f6bling: Die Oase Wiens - LIVING DELUXE hilft Ihnen dabei eine Luxusimmobilie in D\u00f6bling zu kaufen. Jetzt mehr erfahren!\",\"breadcrumb\":{\"@id\":\"https:\\\/\\\/livingdeluxe.com\\\/de\\\/haus-kaufen-in-kitzbuehel\\\/#breadcrumb\"},\"inLanguage\":\"de\",\"potentialAction\":[{\"@type\":\"ReadAction\",\"target\":[\"https:\\\/\\\/livingdeluxe.com\\\/de\\\/haus-kaufen-in-kitzbuehel\\\/\"]}]},{\"@type\":\"BreadcrumbList\",\"@id\":\"https:\\\/\\\/livingdeluxe.com\\\/de\\\/haus-kaufen-in-kitzbuehel\\\/#breadcrumb\",\"itemListElement\":[{\"@type\":\"ListItem\",\"position\":1,\"name\":\"Start\",\"item\":\"https:\\\/\\\/www.livingdeluxe.com\\\/de\\\/\"},{\"@type\":\"ListItem\",\"position\":2,\"name\":\"Luxusimmobilie in 1190 D\u00f6bling kaufen\"}]},{\"@type\":\"WebSite\",\"@id\":\"https:\\\/\\\/www.livingdeluxe.com\\\/de\\\/#website\",\"url\":\"https:\\\/\\\/www.livingdeluxe.com\\\/de\\\/\",\"name\":\"LivingDeluxe\",\"description\":\"Luxus-Immobilien\",\"publisher\":{\"@id\":\"https:\\\/\\\/www.livingdeluxe.com\\\/de\\\/#organization\"},\"potentialAction\":[{\"@type\":\"SearchAction\",\"target\":{\"@type\":\"EntryPoint\",\"urlTemplate\":\"https:\\\/\\\/www.livingdeluxe.com\\\/de\\\/?s={search_term_string}\"},\"query-input\":{\"@type\":\"PropertyValueSpecification\",\"valueRequired\":true,\"valueName\":\"search_term_string\"}}],\"inLanguage\":\"de\"},{\"@type\":\"Organization\",\"@id\":\"https:\\\/\\\/www.livingdeluxe.com\\\/de\\\/#organization\",\"name\":\"LivingDeluxe\",\"url\":\"https:\\\/\\\/www.livingdeluxe.com\\\/de\\\/\",\"logo\":{\"@type\":\"ImageObject\",\"inLanguage\":\"de\",\"@id\":\"https:\\\/\\\/www.livingdeluxe.com\\\/de\\\/#\\\/schema\\\/logo\\\/image\\\/\",\"url\":\"https:\\\/\\\/www.livingdeluxe.com\\\/wp-content\\\/uploads\\\/2025\\\/07\\\/logo-ldl-og.svg\",\"contentUrl\":\"https:\\\/\\\/www.livingdeluxe.com\\\/wp-content\\\/uploads\\\/2025\\\/07\\\/logo-ldl-og.svg\",\"width\":696,\"height\":696,\"caption\":\"LivingDeluxe\"},\"image\":{\"@id\":\"https:\\\/\\\/www.livingdeluxe.com\\\/de\\\/#\\\/schema\\\/logo\\\/image\\\/\"}}]}<\/script>\n<!-- \/ Yoast SEO plugin. -->","yoast_head_json":{"title":"Luxusimmobilie D\u00f6bling kaufen - LIVING DELUXE","description":"D\u00f6bling: Die Oase Wiens - LIVING DELUXE hilft Ihnen dabei eine Luxusimmobilie in D\u00f6bling zu kaufen. Jetzt mehr erfahren!","robots":{"index":"index","follow":"follow","max-snippet":"max-snippet:-1","max-image-preview":"max-image-preview:large","max-video-preview":"max-video-preview:-1"},"canonical":"https:\/\/livingdeluxe.com\/de\/haus-kaufen-in-kitzbuehel\/","og_locale":"de_DE","og_type":"article","og_title":"Luxusimmobilie D\u00f6bling kaufen - LIVING DELUXE","og_description":"D\u00f6bling: Die Oase Wiens - LIVING DELUXE hilft Ihnen dabei eine Luxusimmobilie in D\u00f6bling zu kaufen. Jetzt mehr erfahren!","og_url":"https:\/\/livingdeluxe.com\/de\/haus-kaufen-in-kitzbuehel\/","og_site_name":"LivingDeluxe","article_modified_time":"2026-02-09T11:17:28+00:00","twitter_card":"summary_large_image","schema":{"@context":"https:\/\/schema.org","@graph":[{"@type":"WebPage","@id":"https:\/\/www.livingdeluxe.com\/de\/luxusimmobilie-doebling-kaufen\/","url":"https:\/\/livingdeluxe.com\/de\/haus-kaufen-in-kitzbuehel\/","name":"Luxusimmobilie D\u00f6bling kaufen - LIVING DELUXE","isPartOf":{"@id":"https:\/\/www.livingdeluxe.com\/de\/#website"},"datePublished":"2022-02-18T08:17:45+00:00","dateModified":"2026-02-09T11:17:28+00:00","description":"D\u00f6bling: Die Oase Wiens - LIVING DELUXE hilft Ihnen dabei eine Luxusimmobilie in D\u00f6bling zu kaufen. Jetzt mehr erfahren!","breadcrumb":{"@id":"https:\/\/livingdeluxe.com\/de\/haus-kaufen-in-kitzbuehel\/#breadcrumb"},"inLanguage":"de","potentialAction":[{"@type":"ReadAction","target":["https:\/\/livingdeluxe.com\/de\/haus-kaufen-in-kitzbuehel\/"]}]},{"@type":"BreadcrumbList","@id":"https:\/\/livingdeluxe.com\/de\/haus-kaufen-in-kitzbuehel\/#breadcrumb","itemListElement":[{"@type":"ListItem","position":1,"name":"Start","item":"https:\/\/www.livingdeluxe.com\/de\/"},{"@type":"ListItem","position":2,"name":"Luxusimmobilie in 1190 D\u00f6bling kaufen"}]},{"@type":"WebSite","@id":"https:\/\/www.livingdeluxe.com\/de\/#website","url":"https:\/\/www.livingdeluxe.com\/de\/","name":"LivingDeluxe","description":"Luxus-Immobilien","publisher":{"@id":"https:\/\/www.livingdeluxe.com\/de\/#organization"},"potentialAction":[{"@type":"SearchAction","target":{"@type":"EntryPoint","urlTemplate":"https:\/\/www.livingdeluxe.com\/de\/?s={search_term_string}"},"query-input":{"@type":"PropertyValueSpecification","valueRequired":true,"valueName":"search_term_string"}}],"inLanguage":"de"},{"@type":"Organization","@id":"https:\/\/www.livingdeluxe.com\/de\/#organization","name":"LivingDeluxe","url":"https:\/\/www.livingdeluxe.com\/de\/","logo":{"@type":"ImageObject","inLanguage":"de","@id":"https:\/\/www.livingdeluxe.com\/de\/#\/schema\/logo\/image\/","url":"https:\/\/www.livingdeluxe.com\/wp-content\/uploads\/2025\/07\/logo-ldl-og.svg","contentUrl":"https:\/\/www.livingdeluxe.com\/wp-content\/uploads\/2025\/07\/logo-ldl-og.svg","width":696,"height":696,"caption":"LivingDeluxe"},"image":{"@id":"https:\/\/www.livingdeluxe.com\/de\/#\/schema\/logo\/image\/"}}]}},"_links":{"self":[{"href":"https:\/\/www.livingdeluxe.com\/de\/wp-json\/wp\/v2\/pages\/7443","targetHints":{"allow":["GET"]}}],"collection":[{"href":"https:\/\/www.livingdeluxe.com\/de\/wp-json\/wp\/v2\/pages"}],"about":[{"href":"https:\/\/www.livingdeluxe.com\/de\/wp-json\/wp\/v2\/types\/page"}],"author":[{"embeddable":true,"href":"https:\/\/www.livingdeluxe.com\/de\/wp-json\/wp\/v2\/users\/1"}],"replies":[{"embeddable":true,"href":"https:\/\/www.livingdeluxe.com\/de\/wp-json\/wp\/v2\/comments?post=7443"}],"version-history":[{"count":13,"href":"https:\/\/www.livingdeluxe.com\/de\/wp-json\/wp\/v2\/pages\/7443\/revisions"}],"predecessor-version":[{"id":44089,"href":"https:\/\/www.livingdeluxe.com\/de\/wp-json\/wp\/v2\/pages\/7443\/revisions\/44089"}],"wp:attachment":[{"href":"https:\/\/www.livingdeluxe.com\/de\/wp-json\/wp\/v2\/media?parent=7443"}],"curies":[{"name":"wp","href":"https:\/\/api.w.org\/{rel}","templated":true}]}}