{"id":5141,"date":"2021-05-11T13:49:19","date_gmt":"2021-05-11T13:49:19","guid":{"rendered":"https:\/\/livingdeluxe.com\/?page_id=5141"},"modified":"2025-04-30T10:54:42","modified_gmt":"2025-04-30T08:54:42","slug":"haus-am-see-kaufen","status":"publish","type":"page","link":"https:\/\/www.livingdeluxe.com\/de\/haus-am-see-kaufen\/","title":{"rendered":"Haus am See"},"content":{"rendered":"","protected":false},"excerpt":{"rendered":"","protected":false},"author":1,"featured_media":0,"parent":0,"menu_order":0,"comment_status":"closed","ping_status":"closed","template":"","meta":{"_acf_changed":false,"footnotes":""},"class_list":["post-5141","page","type-page","status-publish","hentry"],"acf":[],"yoast_head":"<!-- This site is optimized with the Yoast SEO plugin v27.4 - https:\/\/yoast.com\/product\/yoast-seo-wordpress\/ -->\n<title>Exklusive H\u00e4user am W\u00f6rthersee kaufen - LIVING DELUXE<\/title>\n<meta name=\"description\" content=\"Die erste Adresse f\u00fcr Luxusimmobilien am W\u00f6rthersee. Wir bieten Ihnen eine Auswahl der exklusivsten H\u00e4user in unmittelbarer Seen\u00e4he. Mehr erfahren!\" \/>\n<meta name=\"robots\" content=\"index, follow, max-snippet:-1, max-image-preview:large, max-video-preview:-1\" \/>\n<link rel=\"canonical\" href=\"https:\/\/livingdeluxe.com\/de\/haus-am-see-kaufen\/\" \/>\n<meta property=\"og:locale\" content=\"de_DE\" \/>\n<meta property=\"og:type\" content=\"article\" \/>\n<meta property=\"og:title\" content=\"Exklusive H\u00e4user am W\u00f6rthersee kaufen - LIVING DELUXE\" \/>\n<meta property=\"og:description\" content=\"Die erste Adresse f\u00fcr Luxusimmobilien am W\u00f6rthersee. Wir bieten Ihnen eine Auswahl der exklusivsten H\u00e4user in unmittelbarer Seen\u00e4he. Mehr erfahren!\" \/>\n<meta property=\"og:url\" content=\"https:\/\/livingdeluxe.com\/de\/haus-am-see-kaufen\/\" \/>\n<meta property=\"og:site_name\" content=\"LivingDeluxe\" \/>\n<meta property=\"article:modified_time\" content=\"2025-04-30T08:54:42+00:00\" \/>\n<meta name=\"twitter:card\" content=\"summary_large_image\" \/>\n<script type=\"application\/ld+json\" class=\"yoast-schema-graph\">{\"@context\":\"https:\\\/\\\/schema.org\",\"@graph\":[{\"@type\":\"WebPage\",\"@id\":\"https:\\\/\\\/www.livingdeluxe.com\\\/de\\\/haus-am-see-kaufen\\\/\",\"url\":\"https:\\\/\\\/livingdeluxe.com\\\/de\\\/haus-am-see-kaufen\\\/\",\"name\":\"Exklusive H\u00e4user am W\u00f6rthersee kaufen - LIVING DELUXE\",\"isPartOf\":{\"@id\":\"https:\\\/\\\/www.livingdeluxe.com\\\/de\\\/#website\"},\"datePublished\":\"2021-05-11T13:49:19+00:00\",\"dateModified\":\"2025-04-30T08:54:42+00:00\",\"description\":\"Die erste Adresse f\u00fcr Luxusimmobilien am W\u00f6rthersee. Wir bieten Ihnen eine Auswahl der exklusivsten H\u00e4user in unmittelbarer Seen\u00e4he. Mehr erfahren!\",\"breadcrumb\":{\"@id\":\"https:\\\/\\\/livingdeluxe.com\\\/de\\\/haus-am-see-kaufen\\\/#breadcrumb\"},\"inLanguage\":\"de\",\"potentialAction\":[{\"@type\":\"ReadAction\",\"target\":[\"https:\\\/\\\/livingdeluxe.com\\\/de\\\/haus-am-see-kaufen\\\/\"]}]},{\"@type\":\"BreadcrumbList\",\"@id\":\"https:\\\/\\\/livingdeluxe.com\\\/de\\\/haus-am-see-kaufen\\\/#breadcrumb\",\"itemListElement\":[{\"@type\":\"ListItem\",\"position\":1,\"name\":\"Start\",\"item\":\"https:\\\/\\\/www.livingdeluxe.com\\\/de\\\/\"},{\"@type\":\"ListItem\",\"position\":2,\"name\":\"Haus am See\"}]},{\"@type\":\"WebSite\",\"@id\":\"https:\\\/\\\/www.livingdeluxe.com\\\/de\\\/#website\",\"url\":\"https:\\\/\\\/www.livingdeluxe.com\\\/de\\\/\",\"name\":\"LivingDeluxe\",\"description\":\"Luxus-Immobilien\",\"publisher\":{\"@id\":\"https:\\\/\\\/www.livingdeluxe.com\\\/de\\\/#organization\"},\"potentialAction\":[{\"@type\":\"SearchAction\",\"target\":{\"@type\":\"EntryPoint\",\"urlTemplate\":\"https:\\\/\\\/www.livingdeluxe.com\\\/de\\\/?s={search_term_string}\"},\"query-input\":{\"@type\":\"PropertyValueSpecification\",\"valueRequired\":true,\"valueName\":\"search_term_string\"}}],\"inLanguage\":\"de\"},{\"@type\":\"Organization\",\"@id\":\"https:\\\/\\\/www.livingdeluxe.com\\\/de\\\/#organization\",\"name\":\"LivingDeluxe\",\"url\":\"https:\\\/\\\/www.livingdeluxe.com\\\/de\\\/\",\"logo\":{\"@type\":\"ImageObject\",\"inLanguage\":\"de\",\"@id\":\"https:\\\/\\\/www.livingdeluxe.com\\\/de\\\/#\\\/schema\\\/logo\\\/image\\\/\",\"url\":\"https:\\\/\\\/www.livingdeluxe.com\\\/wp-content\\\/uploads\\\/2025\\\/07\\\/logo-ldl-og.svg\",\"contentUrl\":\"https:\\\/\\\/www.livingdeluxe.com\\\/wp-content\\\/uploads\\\/2025\\\/07\\\/logo-ldl-og.svg\",\"width\":696,\"height\":696,\"caption\":\"LivingDeluxe\"},\"image\":{\"@id\":\"https:\\\/\\\/www.livingdeluxe.com\\\/de\\\/#\\\/schema\\\/logo\\\/image\\\/\"}}]}<\/script>\n<!-- \/ Yoast SEO plugin. -->","yoast_head_json":{"title":"Exklusive H\u00e4user am W\u00f6rthersee kaufen - LIVING DELUXE","description":"Die erste Adresse f\u00fcr Luxusimmobilien am W\u00f6rthersee. Wir bieten Ihnen eine Auswahl der exklusivsten H\u00e4user in unmittelbarer Seen\u00e4he. Mehr erfahren!","robots":{"index":"index","follow":"follow","max-snippet":"max-snippet:-1","max-image-preview":"max-image-preview:large","max-video-preview":"max-video-preview:-1"},"canonical":"https:\/\/livingdeluxe.com\/de\/haus-am-see-kaufen\/","og_locale":"de_DE","og_type":"article","og_title":"Exklusive H\u00e4user am W\u00f6rthersee kaufen - LIVING DELUXE","og_description":"Die erste Adresse f\u00fcr Luxusimmobilien am W\u00f6rthersee. Wir bieten Ihnen eine Auswahl der exklusivsten H\u00e4user in unmittelbarer Seen\u00e4he. Mehr erfahren!","og_url":"https:\/\/livingdeluxe.com\/de\/haus-am-see-kaufen\/","og_site_name":"LivingDeluxe","article_modified_time":"2025-04-30T08:54:42+00:00","twitter_card":"summary_large_image","schema":{"@context":"https:\/\/schema.org","@graph":[{"@type":"WebPage","@id":"https:\/\/www.livingdeluxe.com\/de\/haus-am-see-kaufen\/","url":"https:\/\/livingdeluxe.com\/de\/haus-am-see-kaufen\/","name":"Exklusive H\u00e4user am W\u00f6rthersee kaufen - LIVING DELUXE","isPartOf":{"@id":"https:\/\/www.livingdeluxe.com\/de\/#website"},"datePublished":"2021-05-11T13:49:19+00:00","dateModified":"2025-04-30T08:54:42+00:00","description":"Die erste Adresse f\u00fcr Luxusimmobilien am W\u00f6rthersee. Wir bieten Ihnen eine Auswahl der exklusivsten H\u00e4user in unmittelbarer Seen\u00e4he. Mehr erfahren!","breadcrumb":{"@id":"https:\/\/livingdeluxe.com\/de\/haus-am-see-kaufen\/#breadcrumb"},"inLanguage":"de","potentialAction":[{"@type":"ReadAction","target":["https:\/\/livingdeluxe.com\/de\/haus-am-see-kaufen\/"]}]},{"@type":"BreadcrumbList","@id":"https:\/\/livingdeluxe.com\/de\/haus-am-see-kaufen\/#breadcrumb","itemListElement":[{"@type":"ListItem","position":1,"name":"Start","item":"https:\/\/www.livingdeluxe.com\/de\/"},{"@type":"ListItem","position":2,"name":"Haus am See"}]},{"@type":"WebSite","@id":"https:\/\/www.livingdeluxe.com\/de\/#website","url":"https:\/\/www.livingdeluxe.com\/de\/","name":"LivingDeluxe","description":"Luxus-Immobilien","publisher":{"@id":"https:\/\/www.livingdeluxe.com\/de\/#organization"},"potentialAction":[{"@type":"SearchAction","target":{"@type":"EntryPoint","urlTemplate":"https:\/\/www.livingdeluxe.com\/de\/?s={search_term_string}"},"query-input":{"@type":"PropertyValueSpecification","valueRequired":true,"valueName":"search_term_string"}}],"inLanguage":"de"},{"@type":"Organization","@id":"https:\/\/www.livingdeluxe.com\/de\/#organization","name":"LivingDeluxe","url":"https:\/\/www.livingdeluxe.com\/de\/","logo":{"@type":"ImageObject","inLanguage":"de","@id":"https:\/\/www.livingdeluxe.com\/de\/#\/schema\/logo\/image\/","url":"https:\/\/www.livingdeluxe.com\/wp-content\/uploads\/2025\/07\/logo-ldl-og.svg","contentUrl":"https:\/\/www.livingdeluxe.com\/wp-content\/uploads\/2025\/07\/logo-ldl-og.svg","width":696,"height":696,"caption":"LivingDeluxe"},"image":{"@id":"https:\/\/www.livingdeluxe.com\/de\/#\/schema\/logo\/image\/"}}]}},"_links":{"self":[{"href":"https:\/\/www.livingdeluxe.com\/de\/wp-json\/wp\/v2\/pages\/5141","targetHints":{"allow":["GET"]}}],"collection":[{"href":"https:\/\/www.livingdeluxe.com\/de\/wp-json\/wp\/v2\/pages"}],"about":[{"href":"https:\/\/www.livingdeluxe.com\/de\/wp-json\/wp\/v2\/types\/page"}],"author":[{"embeddable":true,"href":"https:\/\/www.livingdeluxe.com\/de\/wp-json\/wp\/v2\/users\/1"}],"replies":[{"embeddable":true,"href":"https:\/\/www.livingdeluxe.com\/de\/wp-json\/wp\/v2\/comments?post=5141"}],"version-history":[{"count":9,"href":"https:\/\/www.livingdeluxe.com\/de\/wp-json\/wp\/v2\/pages\/5141\/revisions"}],"predecessor-version":[{"id":38016,"href":"https:\/\/www.livingdeluxe.com\/de\/wp-json\/wp\/v2\/pages\/5141\/revisions\/38016"}],"wp:attachment":[{"href":"https:\/\/www.livingdeluxe.com\/de\/wp-json\/wp\/v2\/media?parent=5141"}],"curies":[{"name":"wp","href":"https:\/\/api.w.org\/{rel}","templated":true}]}}